{"id":5,"date":"2019-02-26T09:02:02","date_gmt":"2019-02-26T08:02:02","guid":{"rendered":"http:\/\/personalgohr.sk\/?page_id=5"},"modified":"2019-02-26T10:32:57","modified_gmt":"2019-02-26T09:32:57","slug":"uvodna-stranka","status":"publish","type":"page","link":"https:\/\/personalgohr.sk\/","title":{"rendered":"\u00davodn\u00e1 str\u00e1nka"},"content":{"rendered":"<p>Vitajte na va\u0161ej webovej str\u00e1nke! Toto je va\u0161a domovsk\u00e1 str\u00e1nka. Zobraz\u00ed sa v\u00e4\u010d\u0161ine n\u00e1v\u0161tevn\u00edkov, ktor\u00ed pr\u00eddu na va\u0161u webov\u00fa str\u00e1nku po prv\u00fdkr\u00e1t.<\/p>\n","protected":false},"excerpt":{"rendered":"<p>Vitajte na va\u0161ej webovej str\u00e1nke! Toto je va\u0161a domovsk\u00e1 str\u00e1nka. Zobraz\u00ed sa v\u00e4\u010d\u0161ine n\u00e1v\u0161tevn\u00edkov, ktor\u00ed pr\u00eddu na va\u0161u webov\u00fa str\u00e1nku po prv\u00fdkr\u00e1t.<\/p>\n","protected":false},"author":1,"featured_media":0,"parent":0,"menu_order":0,"comment_status":"closed","ping_status":"closed","template":"","meta":{"footnotes":""},"_links":{"self":[{"href":"https:\/\/personalgohr.sk\/index.php?rest_route=\/wp\/v2\/pages\/5"}],"collection":[{"href":"https:\/\/personalgohr.sk\/index.php?rest_route=\/wp\/v2\/pages"}],"about":[{"href":"https:\/\/personalgohr.sk\/index.php?rest_route=\/wp\/v2\/types\/page"}],"author":[{"embeddable":true,"href":"https:\/\/personalgohr.sk\/index.php?rest_route=\/wp\/v2\/users\/1"}],"replies":[{"embeddable":true,"href":"https:\/\/personalgohr.sk\/index.php?rest_route=%2Fwp%2Fv2%2Fcomments&post=5"}],"version-history":[{"count":1,"href":"https:\/\/personalgohr.sk\/index.php?rest_route=\/wp\/v2\/pages\/5\/revisions"}],"predecessor-version":[{"id":8,"href":"https:\/\/personalgohr.sk\/index.php?rest_route=\/wp\/v2\/pages\/5\/revisions\/8"}],"wp:attachment":[{"href":"https:\/\/personalgohr.sk\/index.php?rest_route=%2Fwp%2Fv2%2Fmedia&parent=5"}],"curies":[{"name":"wp","href":"https:\/\/api.w.org\/{rel}","templated":true}]}}